{"id":4540,"date":"2021-04-07T22:08:14","date_gmt":"2021-04-07T20:08:14","guid":{"rendered":"https:\/\/twiik.me\/investor-relations\/"},"modified":"2022-03-01T14:20:41","modified_gmt":"2022-03-01T13:20:41","slug":"investor-relations","status":"publish","type":"page","link":"https:\/\/twiik.me\/en\/investor-relations\/","title":{"rendered":"Investor Relations"},"content":{"rendered":"\t\t<div data-elementor-type=\"wp-page\" data-elementor-id=\"4540\" class=\"elementor elementor-4540 elementor-1246\" data-elementor-post-type=\"page\">\n\t\t\t\t\t\t<section data-particle_enable=\"false\" data-particle-mobile-disabled=\"false\" class=\"elementor-section elementor-top-section elementor-element elementor-element-5939a86c elementor-section-height-min-height elementor-section-content-middle elementor-section-boxed elementor-section-height-default elementor-section-items-middle\" data-id=\"5939a86c\" data-element_type=\"section\" data-e-type=\"section\" data-settings=\"{&quot;background_background&quot;:&quot;classic&quot;,&quot;shape_divider_bottom&quot;:&quot;waves&quot;}\">\n\t\t\t\t\t\t\t<div class=\"elementor-background-overlay\"><\/div>\n\t\t\t\t\t\t<div class=\"elementor-shape elementor-shape-bottom\" aria-hidden=\"true\" data-negative=\"false\">\n\t\t\t<svg xmlns=\"http:\/\/www.w3.org\/2000\/svg\" viewBox=\"0 0 1000 100\" preserveAspectRatio=\"none\">\n\t<path class=\"elementor-shape-fill\" d=\"M421.9,6.5c22.6-2.5,51.5,0.4,75.5,5.3c23.6,4.9,70.9,23.5,100.5,35.7c75.8,32.2,133.7,44.5,192.6,49.7\n\tc23.6,2.1,48.7,3.5,103.4-2.5c54.7-6,106.2-25.6,106.2-25.6V0H0v30.3c0,0,72,32.6,158.4,30.5c39.2-0.7,92.8-6.7,134-22.4\n\tc21.2-8.1,52.2-18.2,79.7-24.2C399.3,7.9,411.6,7.5,421.9,6.5z\"\/>\n<\/svg>\t\t<\/div>\n\t\t\t\t\t<div class=\"elementor-container elementor-column-gap-no\">\n\t\t\t\t\t<div class=\"elementor-column elementor-col-100 elementor-top-column elementor-element elementor-element-6f6a47a9 animated-slow elementor-invisible\" data-id=\"6f6a47a9\" data-element_type=\"column\" data-e-type=\"column\" data-settings=\"{&quot;animation&quot;:&quot;fadeIn&quot;}\">\n\t\t\t<div class=\"elementor-widget-wrap elementor-element-populated\">\n\t\t\t\t\t\t<div class=\"elementor-element elementor-element-3480297 elementor-widget elementor-widget-heading\" data-id=\"3480297\" data-element_type=\"widget\" data-e-type=\"widget\" data-widget_type=\"heading.default\">\n\t\t\t\t<div class=\"elementor-widget-container\">\n\t\t\t\t\t<h1 class=\"elementor-heading-title elementor-size-default\">Investor Relations<\/h1>\t\t\t\t<\/div>\n\t\t\t\t<\/div>\n\t\t\t\t<div class=\"elementor-element elementor-element-a080853 elementor-widget elementor-widget-spacer\" data-id=\"a080853\" data-element_type=\"widget\" data-e-type=\"widget\" data-widget_type=\"spacer.default\">\n\t\t\t\t<div class=\"elementor-widget-container\">\n\t\t\t\t\t\t\t<div class=\"elementor-spacer\">\n\t\t\t<div class=\"elementor-spacer-inner\"><\/div>\n\t\t<\/div>\n\t\t\t\t\t\t<\/div>\n\t\t\t\t<\/div>\n\t\t\t\t\t<\/div>\n\t\t<\/div>\n\t\t\t\t\t<\/div>\n\t\t<\/section>\n\t\t\t\t<section data-particle_enable=\"false\" data-particle-mobile-disabled=\"false\" class=\"elementor-section elementor-top-section elementor-element elementor-element-4c95dae elementor-section-boxed elementor-section-height-default elementor-section-height-default\" data-id=\"4c95dae\" data-element_type=\"section\" data-e-type=\"section\" data-settings=\"{&quot;background_background&quot;:&quot;classic&quot;,&quot;sticky&quot;:&quot;top&quot;,&quot;sticky_offset&quot;:78,&quot;sticky_on&quot;:[&quot;desktop&quot;,&quot;tablet&quot;,&quot;mobile&quot;],&quot;sticky_effects_offset&quot;:0,&quot;sticky_anchor_link_offset&quot;:0}\">\n\t\t\t\t\t\t<div class=\"elementor-container elementor-column-gap-default\">\n\t\t\t\t\t<div class=\"elementor-column elementor-col-100 elementor-top-column elementor-element elementor-element-25664b8\" data-id=\"25664b8\" data-element_type=\"column\" data-e-type=\"column\">\n\t\t\t<div class=\"elementor-widget-wrap elementor-element-populated\">\n\t\t\t\t\t\t<div class=\"elementor-element elementor-element-4c531e4 elementor-nav-menu__align-center elementor-nav-menu--dropdown-tablet elementor-nav-menu__text-align-aside elementor-nav-menu--toggle elementor-nav-menu--burger elementor-widget elementor-widget-nav-menu\" data-id=\"4c531e4\" data-element_type=\"widget\" data-e-type=\"widget\" data-settings=\"{&quot;layout&quot;:&quot;horizontal&quot;,&quot;submenu_icon&quot;:{&quot;value&quot;:&quot;&lt;i class=\\&quot;fas fa-caret-down\\&quot; aria-hidden=\\&quot;true\\&quot;&gt;&lt;\\\/i&gt;&quot;,&quot;library&quot;:&quot;fa-solid&quot;},&quot;toggle&quot;:&quot;burger&quot;}\" data-widget_type=\"nav-menu.default\">\n\t\t\t\t<div class=\"elementor-widget-container\">\n\t\t\t\t\t\t\t\t<nav aria-label=\"Menu\" class=\"elementor-nav-menu--main elementor-nav-menu__container elementor-nav-menu--layout-horizontal e--pointer-underline e--animation-fade\">\n\t\t\t\t<ul id=\"menu-1-4c531e4\" class=\"elementor-nav-menu\"><li class=\"menu-item menu-item-type-post_type menu-item-object-page menu-item-4575\"><a href=\"https:\/\/twiik.me\/en\/investor-relations\/ir-contact\/\" class=\"elementor-item menu-link\">IR Contact<\/a><\/li>\n<\/ul>\t\t\t<\/nav>\n\t\t\t\t\t<div class=\"elementor-menu-toggle\" role=\"button\" tabindex=\"0\" aria-label=\"Menu Toggle\" aria-expanded=\"false\">\n\t\t\t<i aria-hidden=\"true\" role=\"presentation\" class=\"elementor-menu-toggle__icon--open eicon-menu-bar\"><\/i><i aria-hidden=\"true\" role=\"presentation\" class=\"elementor-menu-toggle__icon--close eicon-close\"><\/i>\t\t<\/div>\n\t\t\t\t\t<nav class=\"elementor-nav-menu--dropdown elementor-nav-menu__container\" aria-hidden=\"true\">\n\t\t\t\t<ul id=\"menu-2-4c531e4\" class=\"elementor-nav-menu\"><li class=\"menu-item menu-item-type-post_type menu-item-object-page menu-item-4575\"><a href=\"https:\/\/twiik.me\/en\/investor-relations\/ir-contact\/\" class=\"elementor-item menu-link\" tabindex=\"-1\">IR Contact<\/a><\/li>\n<\/ul>\t\t\t<\/nav>\n\t\t\t\t\t\t<\/div>\n\t\t\t\t<\/div>\n\t\t\t\t\t<\/div>\n\t\t<\/div>\n\t\t\t\t\t<\/div>\n\t\t<\/section>\n\t\t\t\t<section data-particle_enable=\"false\" data-particle-mobile-disabled=\"false\" class=\"elementor-section elementor-top-section elementor-element elementor-element-7d11309 elementor-section-boxed elementor-section-height-default elementor-section-height-default\" data-id=\"7d11309\" data-element_type=\"section\" data-e-type=\"section\">\n\t\t\t\t\t\t<div class=\"elementor-container elementor-column-gap-default\">\n\t\t\t\t\t<div class=\"elementor-column elementor-col-100 elementor-top-column elementor-element elementor-element-239cc8c\" data-id=\"239cc8c\" data-element_type=\"column\" data-e-type=\"column\">\n\t\t\t<div class=\"elementor-widget-wrap elementor-element-populated\">\n\t\t\t\t\t\t<div class=\"elementor-element elementor-element-8ce35d2 elementor-grid-eael-col-3 elementor-grid-tablet-eael-col-2 elementor-grid-mobile-eael-col-1 elementor-widget elementor-widget-eael-post-grid\" data-id=\"8ce35d2\" data-element_type=\"widget\" data-e-type=\"widget\" data-settings=\"{&quot;eael_post_grid_columns&quot;:&quot;eael-col-3&quot;,&quot;eael_post_grid_columns_tablet&quot;:&quot;eael-col-2&quot;,&quot;eael_post_grid_columns_mobile&quot;:&quot;eael-col-1&quot;}\" data-widget_type=\"eael-post-grid.default\">\n\t\t\t\t<div class=\"elementor-widget-container\">\n\t\t\t\t\t<div id=\"eael-post-grid-8ce35d2\" class=\"eael-post-grid-container\">\n            <div class=\"eael-post-grid eael-post-appender eael-post-appender-8ce35d2 eael-post-grid-style-one\" data-layout-mode=\"grid\"><article class=\"eael-grid-post  eael-post-grid-column eael-pg-post-18125\" data-id=\"18125\">\n        <div class=\"eael-grid-post-holder\">\n            <div class=\"eael-grid-post-holder-inner\"><div class=\"eael-entry-wrapper\"><header class=\"eael-entry-header\"><h2 class=\"eael-entry-title\"><a class=\"eael-grid-post-link\" href=\"https:\/\/twiik.me\/en\/mfn_news\/metabolic-nordic-abs-konkursansokan-beviljad-och-konkursforvaltare-utsedd-nasdaq-stockholm-ab-beslutar-att-avnotera-aktien\/\" title=\"Metabolic Nordic AB:s konkursans\u00f6kan beviljad och konkursf\u00f6rvaltare utsedd. Nasdaq Stockholm AB beslutar att avnotera aktien.\">Metabolic Nordic AB:s konkursans\u00f6kan beviljad och konkursf\u00f6rvaltare utsedd. Nasdaq Stockholm AB beslutar att avnotera aktien.<\/a><\/h2><\/header><div class=\"eael-entry-content\">\n                        <div class=\"eael-grid-post-excerpt\"><p>Metabolic Nordic AB meddelar att Malm\u00f6 tingsr\u00e4tt har beslutat att...<\/p><a href=\"https:\/\/twiik.me\/en\/mfn_news\/metabolic-nordic-abs-konkursansokan-beviljad-och-konkursforvaltare-utsedd-nasdaq-stockholm-ab-beslutar-att-avnotera-aktien\/\" class=\"eael-post-elements-readmore-btn\">Read more<\/a><\/div>\n                    <\/div><\/div><\/div>\n        <\/div>\n    <\/article><article class=\"eael-grid-post  eael-post-grid-column eael-pg-post-18124\" data-id=\"18124\">\n        <div class=\"eael-grid-post-holder\">\n            <div class=\"eael-grid-post-holder-inner\"><div class=\"eael-entry-wrapper\"><header class=\"eael-entry-header\"><h2 class=\"eael-entry-title\"><a class=\"eael-grid-post-link\" href=\"https:\/\/twiik.me\/en\/mfn_news\/metabolic-nordic-ab-beslutar-att-ansoka-om-konkurs\/\" title=\"Metabolic Nordic AB beslutar att ans\u00f6ka om konkurs\">Metabolic Nordic AB beslutar att ans\u00f6ka om konkurs<\/a><\/h2><\/header><div class=\"eael-entry-content\">\n                        <div class=\"eael-grid-post-excerpt\"><p>Styrelsen i Metabolic Nordic AB har idag, den 28 november...<\/p><a href=\"https:\/\/twiik.me\/en\/mfn_news\/metabolic-nordic-ab-beslutar-att-ansoka-om-konkurs\/\" class=\"eael-post-elements-readmore-btn\">Read more<\/a><\/div>\n                    <\/div><\/div><\/div>\n        <\/div>\n    <\/article><article class=\"eael-grid-post  eael-post-grid-column eael-pg-post-18117\" data-id=\"18117\">\n        <div class=\"eael-grid-post-holder\">\n            <div class=\"eael-grid-post-holder-inner\"><div class=\"eael-entry-wrapper\"><header class=\"eael-entry-header\"><h2 class=\"eael-entry-title\"><a class=\"eael-grid-post-link\" href=\"https:\/\/twiik.me\/en\/mfn_news\/uppdatering-fran-styrelsemote-i-metabolic-nordic-ab\/\" title=\"Uppdatering fr\u00e5n styrelsem\u00f6te i Metabolic Nordic AB\">Uppdatering fr\u00e5n styrelsem\u00f6te i Metabolic Nordic AB<\/a><\/h2><\/header><div class=\"eael-entry-content\">\n                        <div class=\"eael-grid-post-excerpt\"><p>Med h\u00e4nvisning till tidigare pressmeddelande ang\u00e5ende uppdatering kring likviditetssituation i...<\/p><a href=\"https:\/\/twiik.me\/en\/mfn_news\/uppdatering-fran-styrelsemote-i-metabolic-nordic-ab\/\" class=\"eael-post-elements-readmore-btn\">Read more<\/a><\/div>\n                    <\/div><\/div><\/div>\n        <\/div>\n    <\/article><article class=\"eael-grid-post  eael-post-grid-column eael-pg-post-18116\" data-id=\"18116\">\n        <div class=\"eael-grid-post-holder\">\n            <div class=\"eael-grid-post-holder-inner\"><div class=\"eael-entry-wrapper\"><header class=\"eael-entry-header\"><h2 class=\"eael-entry-title\"><a class=\"eael-grid-post-link\" href=\"https:\/\/twiik.me\/en\/mfn_news\/uppdatering-gallande-likviditetssituationen-i-metabolic-nordic-ab-och-avtal-med-dr-vitos\/\" title=\"Uppdatering g\u00e4llande likviditetssituationen i Metabolic Nordic AB och avtal med Dr Vitos\">Uppdatering g\u00e4llande likviditetssituationen i Metabolic Nordic AB och avtal med Dr Vitos<\/a><\/h2><\/header><div class=\"eael-entry-content\">\n                        <div class=\"eael-grid-post-excerpt\"><p>Den 26 augusti ingick\u00a0Metabolic Nordic AB (\u201dBolaget\u201d) ett villkorat avtal...<\/p><a href=\"https:\/\/twiik.me\/en\/mfn_news\/uppdatering-gallande-likviditetssituationen-i-metabolic-nordic-ab-och-avtal-med-dr-vitos\/\" class=\"eael-post-elements-readmore-btn\">Read more<\/a><\/div>\n                    <\/div><\/div><\/div>\n        <\/div>\n    <\/article><\/div>\n            <div class=\"clearfix\"><\/div>\n        <\/div>            <div class=\"eael-load-more-button-wrap eael-force-hide\">\n                <button class=\"eael-load-more-button\" id=\"eael-load-more-btn-8ce35d2\" data-widget-id=\"8ce35d2\" data-widget=\"8ce35d2\" data-page-id=\"4540\" data-template=\"{&quot;dir&quot;:&quot;lite&quot;,&quot;file_name&quot;:&quot;one.php&quot;,&quot;name&quot;:&quot;Post-Grid&quot;}\" data-class=\"Essential_Addons_Elementor\\Elements\\Post_Grid\" data-layout=\"grid\" data-page=\"1\" data-args=\"orderby=date&amp;order=desc&amp;ignore_sticky_posts=1&amp;post_status=publish&amp;posts_per_page=4&amp;offset=0&amp;post_type=mfn_news\" data-max-page=\"33\">\n                    <span class=\"eael-btn-loader button__loader\"><\/span>\n                    <span class=\"eael_load_more_text\">Load More<\/span>\n                <\/button>\n            <\/div>\n            \t\t\t\t<\/div>\n\t\t\t\t<\/div>\n\t\t\t\t\t<\/div>\n\t\t<\/div>\n\t\t\t\t\t<\/div>\n\t\t<\/section>\n\t\t\t\t<\/div>\n\t\t","protected":false},"excerpt":{"rendered":"<p>Investor Relations Twiik and Edenred in collaboration for digital corporate wellness Twiik AB has signed an agreement with the global benefits&#8230; Read more Twiik och Edenred i samarbete f\u00f6r digital f\u00f6retagsfriskv\u00e5rd Twiik AB har tecknat avtal med den globala f\u00f6rm\u00e5nsleverant\u00f6ren Edenreds&#8230; Read more Familjefys ansluter sig till Twiik Twiik knyter \u00e4nnu ett starkt coachnamn till [&hellip;]<\/p>\n","protected":false},"author":4,"featured_media":0,"parent":0,"menu_order":0,"comment_status":"closed","ping_status":"closed","template":"elementor_theme","meta":{"site-sidebar-layout":"no-sidebar","site-content-layout":"page-builder","ast-site-content-layout":"default","site-content-style":"default","site-sidebar-style":"default","ast-global-header-display":"","ast-banner-title-visibility":"","ast-main-header-display":"","ast-hfb-above-header-display":"","ast-hfb-below-header-display":"","ast-hfb-mobile-header-display":"","site-post-title":"disabled","ast-breadcrumbs-content":"","ast-featured-img":"","footer-sml-layout":"","ast-disable-related-posts":"","theme-transparent-header-meta":"enabled","adv-header-id-meta":"","stick-header-meta":"default","header-above-stick-meta":"","header-main-stick-meta":"","header-below-stick-meta":"","astra-migrate-meta-layouts":"default","ast-page-background-enabled":"default","ast-page-background-meta":{"desktop":{"background-color":"","background-image":"","background-repeat":"repeat","background-position":"center center","background-size":"auto","background-attachment":"scroll","background-type":"","background-media":"","overlay-type":"","overlay-color":"","overlay-opacity":"","overlay-gradient":""},"tablet":{"background-color":"","background-image":"","background-repeat":"repeat","background-position":"center center","background-size":"auto","background-attachment":"scroll","background-type":"","background-media":"","overlay-type":"","overlay-color":"","overlay-opacity":"","overlay-gradient":""},"mobile":{"background-color":"","background-image":"","background-repeat":"repeat","background-position":"center center","background-size":"auto","background-attachment":"scroll","background-type":"","background-media":"","overlay-type":"","overlay-color":"","overlay-opacity":"","overlay-gradient":""}},"ast-content-background-meta":{"desktop":{"background-color":"var(--ast-global-color-5)","background-image":"","background-repeat":"repeat","background-position":"center center","background-size":"auto","background-attachment":"scroll","background-type":"","background-media":"","overlay-type":"","overlay-color":"","overlay-opacity":"","overlay-gradient":""},"tablet":{"background-color":"var(--ast-global-color-5)","background-image":"","background-repeat":"repeat","background-position":"center center","background-size":"auto","background-attachment":"scroll","background-type":"","background-media":"","overlay-type":"","overlay-color":"","overlay-opacity":"","overlay-gradient":""},"mobile":{"background-color":"var(--ast-global-color-5)","background-image":"","background-repeat":"repeat","background-position":"center center","background-size":"auto","background-attachment":"scroll","background-type":"","background-media":"","overlay-type":"","overlay-color":"","overlay-opacity":"","overlay-gradient":""}},"footnotes":""},"class_list":["post-4540","page","type-page","status-publish","hentry"],"yoast_head":"<!-- This site is optimized with the Yoast SEO plugin v27.5 - https:\/\/yoast.com\/product\/yoast-seo-wordpress\/ -->\n<title>Investor Relations - Twiik<\/title>\n<meta name=\"robots\" content=\"index, follow, max-snippet:-1, max-image-preview:large, max-video-preview:-1\" \/>\n<link rel=\"canonical\" href=\"https:\/\/twiik.me\/en\/investor-relations\/\" \/>\n<meta property=\"og:locale\" content=\"en_US\" \/>\n<meta property=\"og:type\" content=\"article\" \/>\n<meta property=\"og:title\" content=\"Investor Relations - Twiik\" \/>\n<meta property=\"og:description\" content=\"Investor Relations Twiik and Edenred in collaboration for digital corporate wellness Twiik AB has signed an agreement with the global benefits&#8230; Read more Twiik och Edenred i samarbete f\u00f6r digital f\u00f6retagsfriskv\u00e5rd Twiik AB har tecknat avtal med den globala f\u00f6rm\u00e5nsleverant\u00f6ren Edenreds&#8230; Read more Familjefys ansluter sig till Twiik Twiik knyter \u00e4nnu ett starkt coachnamn till [&hellip;]\" \/>\n<meta property=\"og:url\" content=\"https:\/\/twiik.me\/en\/investor-relations\/\" \/>\n<meta property=\"og:site_name\" content=\"Twiik\" \/>\n<meta property=\"article:publisher\" content=\"https:\/\/www.facebook.com\/twiikme\/\" \/>\n<meta property=\"article:modified_time\" content=\"2022-03-01T13:20:41+00:00\" \/>\n<meta name=\"twitter:card\" content=\"summary_large_image\" \/>\n<meta name=\"twitter:label1\" content=\"Est. reading time\" \/>\n\t<meta name=\"twitter:data1\" content=\"1 minute\" \/>\n<script type=\"application\/ld+json\" class=\"yoast-schema-graph\">{\"@context\":\"https:\\\/\\\/schema.org\",\"@graph\":[{\"@type\":\"WebPage\",\"@id\":\"https:\\\/\\\/twiik.me\\\/en\\\/investor-relations\\\/\",\"url\":\"https:\\\/\\\/twiik.me\\\/en\\\/investor-relations\\\/\",\"name\":\"Investor Relations - Twiik\",\"isPartOf\":{\"@id\":\"https:\\\/\\\/twiik.me\\\/#website\"},\"datePublished\":\"2021-04-07T20:08:14+00:00\",\"dateModified\":\"2022-03-01T13:20:41+00:00\",\"breadcrumb\":{\"@id\":\"https:\\\/\\\/twiik.me\\\/en\\\/investor-relations\\\/#breadcrumb\"},\"inLanguage\":\"en-US\",\"potentialAction\":[{\"@type\":\"ReadAction\",\"target\":[\"https:\\\/\\\/twiik.me\\\/en\\\/investor-relations\\\/\"]}]},{\"@type\":\"BreadcrumbList\",\"@id\":\"https:\\\/\\\/twiik.me\\\/en\\\/investor-relations\\\/#breadcrumb\",\"itemListElement\":[{\"@type\":\"ListItem\",\"position\":1,\"name\":\"Hem\",\"item\":\"https:\\\/\\\/twiik.me\\\/en\\\/\"},{\"@type\":\"ListItem\",\"position\":2,\"name\":\"Investor Relations\"}]},{\"@type\":\"WebSite\",\"@id\":\"https:\\\/\\\/twiik.me\\\/#website\",\"url\":\"https:\\\/\\\/twiik.me\\\/\",\"name\":\"Twiik\",\"description\":\"\",\"publisher\":{\"@id\":\"https:\\\/\\\/twiik.me\\\/#organization\"},\"potentialAction\":[{\"@type\":\"SearchAction\",\"target\":{\"@type\":\"EntryPoint\",\"urlTemplate\":\"https:\\\/\\\/twiik.me\\\/?s={search_term_string}\"},\"query-input\":{\"@type\":\"PropertyValueSpecification\",\"valueRequired\":true,\"valueName\":\"search_term_string\"}}],\"inLanguage\":\"en-US\"},{\"@type\":\"Organization\",\"@id\":\"https:\\\/\\\/twiik.me\\\/#organization\",\"name\":\"Twiik AB\",\"url\":\"https:\\\/\\\/twiik.me\\\/\",\"logo\":{\"@type\":\"ImageObject\",\"inLanguage\":\"en-US\",\"@id\":\"https:\\\/\\\/twiik.me\\\/#\\\/schema\\\/logo\\\/image\\\/\",\"url\":\"https:\\\/\\\/twiik.me\\\/wp-content\\\/uploads\\\/2021\\\/01\\\/twiiklogga-e1611684322973.png\",\"contentUrl\":\"https:\\\/\\\/twiik.me\\\/wp-content\\\/uploads\\\/2021\\\/01\\\/twiiklogga-e1611684322973.png\",\"width\":323,\"height\":128,\"caption\":\"Twiik AB\"},\"image\":{\"@id\":\"https:\\\/\\\/twiik.me\\\/#\\\/schema\\\/logo\\\/image\\\/\"},\"sameAs\":[\"https:\\\/\\\/www.facebook.com\\\/twiikme\\\/\"]}]}<\/script>\n<!-- \/ Yoast SEO plugin. -->","yoast_head_json":{"title":"Investor Relations - Twiik","robots":{"index":"index","follow":"follow","max-snippet":"max-snippet:-1","max-image-preview":"max-image-preview:large","max-video-preview":"max-video-preview:-1"},"canonical":"https:\/\/twiik.me\/en\/investor-relations\/","og_locale":"en_US","og_type":"article","og_title":"Investor Relations - Twiik","og_description":"Investor Relations Twiik and Edenred in collaboration for digital corporate wellness Twiik AB has signed an agreement with the global benefits&#8230; Read more Twiik och Edenred i samarbete f\u00f6r digital f\u00f6retagsfriskv\u00e5rd Twiik AB har tecknat avtal med den globala f\u00f6rm\u00e5nsleverant\u00f6ren Edenreds&#8230; Read more Familjefys ansluter sig till Twiik Twiik knyter \u00e4nnu ett starkt coachnamn till [&hellip;]","og_url":"https:\/\/twiik.me\/en\/investor-relations\/","og_site_name":"Twiik","article_publisher":"https:\/\/www.facebook.com\/twiikme\/","article_modified_time":"2022-03-01T13:20:41+00:00","twitter_card":"summary_large_image","twitter_misc":{"Est. reading time":"1 minute"},"schema":{"@context":"https:\/\/schema.org","@graph":[{"@type":"WebPage","@id":"https:\/\/twiik.me\/en\/investor-relations\/","url":"https:\/\/twiik.me\/en\/investor-relations\/","name":"Investor Relations - Twiik","isPartOf":{"@id":"https:\/\/twiik.me\/#website"},"datePublished":"2021-04-07T20:08:14+00:00","dateModified":"2022-03-01T13:20:41+00:00","breadcrumb":{"@id":"https:\/\/twiik.me\/en\/investor-relations\/#breadcrumb"},"inLanguage":"en-US","potentialAction":[{"@type":"ReadAction","target":["https:\/\/twiik.me\/en\/investor-relations\/"]}]},{"@type":"BreadcrumbList","@id":"https:\/\/twiik.me\/en\/investor-relations\/#breadcrumb","itemListElement":[{"@type":"ListItem","position":1,"name":"Hem","item":"https:\/\/twiik.me\/en\/"},{"@type":"ListItem","position":2,"name":"Investor Relations"}]},{"@type":"WebSite","@id":"https:\/\/twiik.me\/#website","url":"https:\/\/twiik.me\/","name":"Twiik","description":"","publisher":{"@id":"https:\/\/twiik.me\/#organization"},"potentialAction":[{"@type":"SearchAction","target":{"@type":"EntryPoint","urlTemplate":"https:\/\/twiik.me\/?s={search_term_string}"},"query-input":{"@type":"PropertyValueSpecification","valueRequired":true,"valueName":"search_term_string"}}],"inLanguage":"en-US"},{"@type":"Organization","@id":"https:\/\/twiik.me\/#organization","name":"Twiik AB","url":"https:\/\/twiik.me\/","logo":{"@type":"ImageObject","inLanguage":"en-US","@id":"https:\/\/twiik.me\/#\/schema\/logo\/image\/","url":"https:\/\/twiik.me\/wp-content\/uploads\/2021\/01\/twiiklogga-e1611684322973.png","contentUrl":"https:\/\/twiik.me\/wp-content\/uploads\/2021\/01\/twiiklogga-e1611684322973.png","width":323,"height":128,"caption":"Twiik AB"},"image":{"@id":"https:\/\/twiik.me\/#\/schema\/logo\/image\/"},"sameAs":["https:\/\/www.facebook.com\/twiikme\/"]}]}},"_links":{"self":[{"href":"https:\/\/twiik.me\/en\/wp-json\/wp\/v2\/pages\/4540","targetHints":{"allow":["GET"]}}],"collection":[{"href":"https:\/\/twiik.me\/en\/wp-json\/wp\/v2\/pages"}],"about":[{"href":"https:\/\/twiik.me\/en\/wp-json\/wp\/v2\/types\/page"}],"author":[{"embeddable":true,"href":"https:\/\/twiik.me\/en\/wp-json\/wp\/v2\/users\/4"}],"replies":[{"embeddable":true,"href":"https:\/\/twiik.me\/en\/wp-json\/wp\/v2\/comments?post=4540"}],"version-history":[{"count":4,"href":"https:\/\/twiik.me\/en\/wp-json\/wp\/v2\/pages\/4540\/revisions"}],"predecessor-version":[{"id":6465,"href":"https:\/\/twiik.me\/en\/wp-json\/wp\/v2\/pages\/4540\/revisions\/6465"}],"wp:attachment":[{"href":"https:\/\/twiik.me\/en\/wp-json\/wp\/v2\/media?parent=4540"}],"curies":[{"name":"wp","href":"https:\/\/api.w.org\/{rel}","templated":true}]}}